{"id":3,"date":"2024-12-15T15:03:57","date_gmt":"2024-12-15T15:03:57","guid":{"rendered":"https:\/\/alapbeton.hu\/?page_id=3"},"modified":"2025-01-19T19:37:22","modified_gmt":"2025-01-19T19:37:22","slug":"privacy-policy","status":"publish","type":"page","link":"https:\/\/alapbeton.hu\/?page_id=3","title":{"rendered":"Adatkezel\u00e9si t\u00e1j\u00e9koztat\u00f3"},"content":{"rendered":"\n<h2 class=\"wp-block-heading\"><\/h2>\n\n\n\n<p><strong><mark style=\"background-color:#b1c5a4\" class=\"has-inline-color\">Tartalomjegyz\u00e9k<\/mark><\/strong><\/p>\n\n\n\n<p><mark style=\"background-color:#b1c5a4\" class=\"has-inline-color\">1.<\/mark> <mark style=\"background-color:#b1c5a4\" class=\"has-inline-color\">Az adatkezel\u00e9si t\u00e1j\u00e9koztat\u00f3 c\u00e9lja<br>2. Az adatkezel\u0151 adatai<br>2.1 Adatv\u00e9delmi tisztvisel\u0151<br>3. A kezelt szem\u00e9lyes adatok k\u00f6re<br>3.1. Technikai adatok<br>4 \u00c1ltal\u00e1nos adatkezel\u00e9si ir\u00e1nyelvek, adatkezel\u00e9s neve, felhaszn\u00e1l\u00e1sa, jogalap \u00e9s meg\u0151rz\u00e9si id\u0151<br>4.1. Online \u00fcgyint\u00e9z\u00e9shez kapcsol\u00f3d\u00f3 adatok<br>4.2. Telefonos \u00fcgyint\u00e9z\u00e9shez kapcsol\u00f3d\u00f3 adatok<br>4.3. Sz\u00e1ml\u00e1z\u00e1shoz kapcsol\u00f3d\u00f3 adatok<br>4.4. Garanci\u00e1lis \u00fcgyint\u00e9z\u00e9s<br>4.5. Fogyaszt\u00f3v\u00e9delmi panaszok kezel\u00e9se<br>5 Adattov\u00e1bb\u00edt\u00e1s, adatfeldogoz\u00e1s, az adatokat megismer\u0151k k\u00f6re<br>5.1 T\u00e1j\u00e9koztat\u00e1shoz val\u00f3 jog<br>5.2 Az \u00e9rintett hozz\u00e1f\u00e9r\u00e9shez val\u00f3 joga<br>5.3 Helyesb\u00edt\u00e9s joga<br>5.4 T\u00f6rl\u00e9shez val\u00f3 jog<br>5.5 Tiltakoz\u00e1s joga<br>5.6 Visszavon\u00e1s joga<br>5.7 B\u00edr\u00f3s\u00e1ghoz fordul\u00e1s joga<br>8 Egy\u00e9b rendelkez\u00e9sek<\/mark><\/p>\n\n\n\n<h1 class=\"wp-block-heading\">1. Az adatkezel\u00e9si t\u00e1j\u00e9koztat\u00f3 c\u00e9lja<\/h1>\n\n\n\n<p>Szab\u00f3 Istv\u00e1n EV. (c\u00edm: 2370 Dabas, Viola utca 18., a tov\u00e1bbiakban, szolg\u00e1ltat\u00f3, adatkezel\u0151) mint adatkezel\u0151, mag\u00e1ra n\u00e9zve k\u00f6telez\u0151nek ismeri el jelen jogi k\u00f6zlem\u00e9ny tartalm\u00e1t.<\/p>\n\n\n\n<p>K\u00f6telezetts\u00e9get v\u00e1llal arra, hogy tev\u00e9kenys\u00e9g\u00e9vel kapcsolatos minden adatkezel\u00e9s megfelel a jelen szab\u00e1lyzatban \u00e9s a hat\u00e1lyos nemzeti jogszab\u00e1lyokban, valamint az Eur\u00f3pai Uni\u00f3 jogi aktusaiban meghat\u00e1rozott elv\u00e1r\u00e1soknak.<\/p>\n\n\n\n<p>Jelen adatkezel\u00e9si t\u00e1j\u00e9koztat\u00f3 az al\u00e1bbi domain-ekre \u00e9s azok aldomain-jeire terjed ki:<\/p>\n\n\n\n<p>alapbeton.hu<\/p>\n\n\n\n<p>Adatkezel\u0151 adatkezel\u00e9seivel kapcsolatosan felmer\u00fcl\u0151 adatv\u00e9delmi ir\u00e1nyelvek folyamatosan el\u00e9rhet\u0151k a alapbeton\/adatkezelesi-tajekoztato c\u00edmen.<\/p>\n\n\n\n<p>Adatkezel\u0151 fenntartja mag\u00e1nak a jogot jelen t\u00e1j\u00e9koztat\u00f3 b\u00e1rmikori m\u00f3dos\u00edt\u00e1s\u00e1ra. A v\u00e1ltoz\u00e1sokr\u00f3l az \u00e9rintettek kell\u0151 id\u0151ben t\u00e1j\u00e9koztat\u00e1sra ker\u00fclnek.<\/p>\n\n\n\n<p>Amennyiben k\u00e9rd\u00e9se lenne jelen k\u00f6zlem\u00e9nyhez kapcsol\u00f3d\u00f3an, k\u00e9rj\u00fck, \u00edrja meg \u00e9s megv\u00e1laszoljuk k\u00e9rd\u00e9s\u00e9t.<\/p>\n\n\n\n<p>Adatkezel\u0151 elk\u00f6telezett \u00fcgyfelei \u00e9s partnerei szem\u00e9lyes adatainak v\u00e9delm\u00e9ben, kiemelten fontosnak tartja \u00fcgyfelei inform\u00e1ci\u00f3s \u00f6nrendelkez\u00e9si jog\u00e1nak tiszteletben tart\u00e1s\u00e1t. Adatkezel\u0151 a szem\u00e9lyes adatokat bizalmasan kezeli, \u00e9s megtesz minden olyan biztons\u00e1gi, technikai \u00e9s szervez\u00e9si int\u00e9zked\u00e9st, mely az adatok biztons\u00e1g\u00e1t garant\u00e1lja.<\/p>\n\n\n\n<p>Adatkezel\u0151 az al\u00e1bbiakban ismerteti adatkezel\u00e9si gyakorlat\u00e1t.<\/p>\n\n\n\n<h1 class=\"wp-block-heading\">2. Az adatkezel\u0151 adatai<\/h1>\n\n\n\n<p>Amennyiben megkeresn\u00e9 a v\u00e1llalkoz\u00e1st, az&nbsp;<a href=\"mailto:info@webfolio.hu\">alapbeton@gmail.<\/a>com, email c\u00edmen \u00e9s a +36 30 7352231 telefonsz\u00e1m el\u00e9rhet\u0151s\u00e9geken l\u00e9phet kapcsolatba az adatkezel\u0151vel.<\/p>\n\n\n\n<p><strong>N\u00e9v<\/strong>: Szab\u00f3 Istv\u00e1n EV<br><strong>Sz\u00e9khely<\/strong>: 3218 Dabas, Viola utca 18.<br><strong>Ad\u00f3sz\u00e1m<\/strong>: 57951610-1-33<br><strong>Mobil:<\/strong>\u00a0+36 30 7352231<br><strong>E-mail<\/strong>: alapbeton@gmail.com<\/p>\n\n\n\n<h2 class=\"wp-block-heading\">2.1 Adatv\u00e9delmi tisztvisel\u0151<\/h2>\n\n\n\n<p>Adatkezel\u0151 nem v\u00e9gez olyan tev\u00e9kenys\u00e9get, mely indokoltt\u00e1 tenn\u00e9 adatv\u00e9delmi tisztvisel\u0151 kijel\u00f6l\u00e9s\u00e9t.<\/p>\n\n\n\n<h1 class=\"wp-block-heading\">3. A kezelt szem\u00e9lyes adatok k\u00f6re<\/h1>\n\n\n\n<h2 class=\"wp-block-heading\">3.1. Technikai adatok<\/h2>\n\n\n\n<p>Adatkezel\u0151 a szem\u00e9lyes adatok kezel\u00e9s\u00e9hez a szolg\u00e1ltat\u00e1s ny\u00fajt\u00e1sa sor\u00e1n alkalmazott informatikai eszk\u00f6z\u00f6ket \u00fagy v\u00e1lasztja meg \u00e9s \u00fczemelteti, hogy a kezelt adat:<\/p>\n\n\n\n<ul class=\"wp-block-list\">\n<li>az arra feljogos\u00edtottak sz\u00e1m\u00e1ra hozz\u00e1f\u00e9rhet\u0151 (rendelkez\u00e9sre \u00e1ll\u00e1s);<\/li>\n\n\n\n<li>hiteless\u00e9ge \u00e9s hiteles\u00edt\u00e9se biztos\u00edtott (adatkezel\u00e9s hiteless\u00e9ge);<\/li>\n\n\n\n<li>v\u00e1ltozatlans\u00e1ga igazolhat\u00f3 (adatintegrit\u00e1s);<\/li>\n\n\n\n<li>a jogosulatlan hozz\u00e1f\u00e9r\u00e9s ellen v\u00e9dett (adat bizalmass\u00e1ga) legyen.<\/li>\n<\/ul>\n\n\n\n<p>Adatkezel\u0151 az adatokat megfelel\u0151 int\u00e9zked\u00e9sekkel v\u00e9di a jogosulatlan hozz\u00e1f\u00e9r\u00e9s, megv\u00e1ltoztat\u00e1s, tov\u00e1bb\u00edt\u00e1s, nyilv\u00e1noss\u00e1gra hozatal, t\u00f6rl\u00e9s vagy megsemmis\u00edt\u00e9s, valamint a v\u00e9letlen megsemmis\u00fcl\u00e9s ellen.<\/p>\n\n\n\n<p>Adatkezel\u0151 olyan m\u0171szaki, szervez\u00e9si \u00e9s szervezeti int\u00e9zked\u00e9sekkel gondoskodik az adatkezel\u00e9s biztons\u00e1g\u00e1nak v\u00e9delm\u00e9r\u0151l, amely az adatkezel\u00e9ssel kapcsolatban jelentkez\u0151 kock\u00e1zatoknak megfelel\u0151 v\u00e9delmi szintet ny\u00fajt.<\/p>\n\n\n\n<p>Adatkezel\u0151 az adatkezel\u00e9s sor\u00e1n meg\u0151rzi a titkoss\u00e1got: megv\u00e9di az inform\u00e1ci\u00f3t, hogy csak az f\u00e9rhessen hozz\u00e1, aki erre jogosult; a s\u00e9rtetlens\u00e9get: megv\u00e9di az inform\u00e1ci\u00f3nak \u00e9s a feldolgoz\u00e1s m\u00f3dszer\u00e9nek a pontoss\u00e1g\u00e1t \u00e9s teljess\u00e9g\u00e9t; a rendelkez\u00e9sre \u00e1ll\u00e1st: gondoskodik arr\u00f3l, hogy amikor a jogosult haszn\u00e1l\u00f3nak sz\u00fcks\u00e9ge van r\u00e1, val\u00f3ban hozz\u00e1 tudjon f\u00e9rni a k\u00edv\u00e1nt inform\u00e1ci\u00f3hoz, \u00e9s rendelkez\u00e9sre \u00e1lljanak az ezzel kapcsolatos eszk\u00f6z\u00f6k.<\/p>\n\n\n\n<h3 class=\"wp-block-heading\">4. \u00c1ltal\u00e1nos adatkezel\u00e9si ir\u00e1nyelvek, adatkezel\u00e9s neve, felhaszn\u00e1l\u00e1sa, jogalap \u00e9s meg\u0151rz\u00e9si id\u0151<\/h3>\n\n\n\n<p>Adatkezel\u0151 tev\u00e9kenys\u00e9g\u00e9nek adatkezel\u00e9sei \u00f6nk\u00e9ntes hozz\u00e1j\u00e1rul\u00e1son, illetve t\u00f6rv\u00e9nyi felhatalmaz\u00e1son alapulnak. Az \u00f6nk\u00e9ntes hozz\u00e1j\u00e1rul\u00e1son alapul\u00f3 adatkezel\u00e9sek eset\u00e9ben az \u00e9rintettek e hozz\u00e1j\u00e1rul\u00e1sukat az adatkezel\u00e9s b\u00e1rmely szak\u00e1ban visszavonhatj\u00e1k.<\/p>\n\n\n\n<p>Bizonyos esetekben a megadott adatok egy k\u00f6r\u00e9nek kezel\u00e9s\u00e9t, t\u00e1rol\u00e1s\u00e1t, tov\u00e1bb\u00edt\u00e1s\u00e1t jogszab\u00e1lyok teszik k\u00f6telez\u0151v\u00e9, melyr\u0151l k\u00fcl\u00f6n \u00e9rtes\u00edtj\u00fck \u00fcgyfeleinket. Felh\u00edvjuk Adatkezel\u0151 r\u00e9sz\u00e9re adatk\u00f6zl\u0151k figyelm\u00e9t, hogy amennyiben nem saj\u00e1t szem\u00e9lyes adataikat adj\u00e1k meg, az adatk\u00f6zl\u0151 k\u00f6teless\u00e9ge az \u00e9rintett hozz\u00e1j\u00e1rul\u00e1s\u00e1nak beszerz\u00e9se. Adatkezel\u00e9si alapelvei \u00f6sszhangban vannak az adatv\u00e9delemmel kapcsolatos hat\u00e1lyos jogszab\u00e1lyokkal, \u00edgy k\u00fcl\u00f6n\u00f6sen az al\u00e1bbiakkal: 2011. \u00e9vi CXII. t\u00f6rv\u00e9ny \u2013 az inform\u00e1ci\u00f3s \u00f6nrendelkez\u00e9si jogr\u00f3l \u00e9s az inform\u00e1ci\u00f3-szabads\u00e1gr\u00f3l (Infotv.);<\/p>\n\n\n\n<p>Az Eur\u00f3pai Parlament \u00e9s a Tan\u00e1cs (EU) 2016\/679 rendelete (2016. \u00e1prilis 27.) \u2013 a term\u00e9szetes szem\u00e9lyeknek a szem\u00e9lyes adatok kezel\u00e9se tekintet\u00e9ben t\u00f6rt\u00e9n\u0151 v\u00e9delm\u00e9r\u0151l \u00e9s az ilyen adatok szabad \u00e1raml\u00e1s\u00e1r\u00f3l, valamint a 95\/46\/EK rendelet hat\u00e1lyon k\u00edv\u00fcl helyez\u00e9s\u00e9r\u0151l (\u00e1ltal\u00e1nos adatv\u00e9delmi rendelet, GDPR); 2013. \u00e9vi V. t\u00f6rv\u00e9ny \u2013 a Polg\u00e1ri T\u00f6rv\u00e9nyk\u00f6nyvr\u0151l (Ptk.); 2000. \u00e9vi C. t\u00f6rv\u00e9ny \u2013 a sz\u00e1mvitelr\u0151l (Sz\u00e1mv. tv.); 2017. \u00e9vi LIII. t\u00f6rv\u00e9ny \u2013 a p\u00e9nzmos\u00e1s \u00e9s terrorizmus finansz\u00edroz\u00e1sa megel\u0151z\u00e9s\u00e9r\u0151l \u00e9s megakad\u00e1lyoz\u00e1s\u00e1r\u00f3l (Pmt.); 2013. \u00e9vi CCXXXVII. t\u00f6rv\u00e9ny \u2013 a hitelint\u00e9zetekr\u0151l \u00e9s a p\u00e9nz\u00fcgyi v\u00e1llalkoz\u00e1sokr\u00f3l (Hpt.).<\/p>\n\n\n\n<p>Az adatkezel\u0151 adatt\u00e9rk\u00e9pek k\u00e9sz\u00edtett, ennek alapj\u00e1n meghat\u00e1roz\u00e1sra ker\u00fclt a kezelt adatok k\u00f6re, azok felhaszn\u00e1l\u00e1sa, jogalapja \u00e9s meg\u0151rz\u00e9si ideje.<\/p>\n\n\n\n<h2 class=\"wp-block-heading\">4.1 Online \u00fcgyint\u00e9z\u00e9shez kapcsol\u00f3d\u00f3 adatok<\/h2>\n\n\n\n<p><strong>A kapcsolatfelv\u00e9tel sor\u00e1n elk\u00e9rt szem\u00e9lyes adatok:<\/strong><\/p>\n\n\n\n<p><strong>N\u00e9v<\/strong>&nbsp;(k\u00f6telez\u0151 mez\u0151)<\/p>\n\n\n\n<p><strong>Email c\u00edm<\/strong>&nbsp;(k\u00f6telez\u0151 mez\u0151)<\/p>\n\n\n\n<p><strong>Telefonsz\u00e1m<\/strong>&nbsp;(k\u00f6telez\u0151)<br><strong>Az adatkezel\u00e9s c\u00e9lja, a kezelt adatok tervezett felhaszn\u00e1l\u00e1sa:&nbsp;<\/strong>Az adatok kapcsolatfelv\u00e9tel\/aj\u00e1nlatk\u00e9r\u00e9s \u00e9s a megrendel\u00e9s teljes\u00edt\u00e9s\u00e9re ker\u00fclnek felhaszn\u00e1l\u00e1sra.<\/p>\n\n\n\n<p>Az adatkezel\u00e9s jogalapja \u00f6nk\u00e9ntes hozz\u00e1j\u00e1rul\u00e1s.<br>Meg\u0151rz\u00e9si id\u0151: \u00fczleti kapcsolat id\u0151tartama, vagy t\u00f6rl\u00e9si k\u00e9relem.<\/p>\n\n\n\n<h2 class=\"wp-block-heading\">4.2 Telefonos \u00fcgyint\u00e9z\u00e9shez kapcsol\u00f3d\u00f3 adatok<\/h2>\n\n\n\n<p><strong>A kapcsolatfelv\u00e9tel sor\u00e1n elk\u00e9rt szem\u00e9lyes adatok:<\/strong><\/p>\n\n\n\n<p><strong>N\u00e9v<\/strong>&nbsp;(k\u00f6telez\u0151 mez\u0151)<\/p>\n\n\n\n<p><strong>Telefonsz\u00e1m<\/strong>&nbsp;(nem k\u00f6telez\u0151 mez\u0151, opcion\u00e1lisan kit\u00f6lthet\u0151, visszah\u00edv\u00e1s kezdem\u00e9nyez\u00e9s\u00e9hez)<br>A kezelt adatok tervezett felhaszn\u00e1l\u00e1sa: Az adatok kapcsolatfelv\u00e9tel \u00e9s a megrendel\u00e9s teljes\u00edt\u00e9s\u00e9re ker\u00fclnek felhaszn\u00e1l\u00e1sra.<\/p>\n\n\n\n<p><strong>Az adatkezel\u00e9s c\u00e9lja, a kezelt adatok tervezett felhaszn\u00e1l\u00e1sa:&nbsp;<\/strong>Az adatok kapcsolatfelv\u00e9tel \u00e9s a megrendel\u00e9s teljes\u00edt\u00e9s\u00e9re ker\u00fclnek felhaszn\u00e1l\u00e1sra.<\/p>\n\n\n\n<p>Az adatkezel\u00e9s jogalapja \u00f6nk\u00e9ntes hozz\u00e1j\u00e1rul\u00e1s.<br>Meg\u0151rz\u00e9si id\u0151: \u00fczleti kapcsolat id\u0151tartama, vagy t\u00f6rl\u00e9si k\u00e9relem.<\/p>\n\n\n\n<p><strong>Telefonsz\u00e1m<\/strong><\/p>\n\n\n\n<p><strong>Az adatkezel\u00e9s c\u00e9lja, a kezelt adatok tervezett felhaszn\u00e1l\u00e1sa:&nbsp;<\/strong>Az adatok kapcsolatfelv\u00e9tel \u00e9s kapcsolattart\u00e1s c\u00e9lj\u00e1b\u00f3l ker\u00fclnek felhaszn\u00e1l\u00e1sra.<\/p>\n\n\n\n<p>Az adatkezel\u00e9s jogalapja jogos \u00e9rdek.<br>Meg\u0151rz\u00e9si id\u0151: \u00fczleti kapcsolat id\u0151tartama, vagy t\u00f6rl\u00e9si k\u00e9relem.<\/p>\n\n\n\n<h2 class=\"wp-block-heading\">4.3 Sz\u00e1ml\u00e1z\u00e1shoz kapcsol\u00f3d\u00f3 adatok<\/h2>\n\n\n\n<p>Adatkezel\u0151 \u00fcgyfeleivel a megrendelt szolg\u00e1ltat\u00e1sokr\u00f3l szerz\u0151d\u00e9st k\u00f6t, melynek sor\u00e1n az al\u00e1bbi adatokat t\u00e1rolja:<\/p>\n\n\n\n<p><strong>N\u00e9v<\/strong><\/p>\n\n\n\n<p><strong>Email c\u00edm<\/strong><\/p>\n\n\n\n<p><strong>C\u00edm<\/strong><\/p>\n\n\n\n<p><strong>Az adatkezel\u00e9s c\u00e9lja, a kezelt adatok tervezett felhaszn\u00e1l\u00e1sa:<\/strong>&nbsp;sz\u00e1ml\u00e1z\u00e1s.<\/p>\n\n\n\n<p>Az adatkezel\u00e9s jogalapja: jogszab\u00e1lyi el\u0151\u00edr\u00e1s.<\/p>\n\n\n\n<p>Meg\u0151rz\u00e9si id\u0151: jogszab\u00e1lyi el\u0151\u00edr\u00e1s alapj\u00e1n t\u00e1rgy\u00e9v + 5 \u00e9v<\/p>\n\n\n\n<h2 class=\"wp-block-heading\">4.4. Garanci\u00e1lis \u00fcgyint\u00e9z\u00e9s<\/h2>\n\n\n\n<p>Amennyiben garanci\u00e1lis \u00fcgyint\u00e9z\u00e9st kezdem\u00e9nyez, az adatkezel\u00e9s \u00e9s az adatok megad\u00e1sa az \u00fcgyint\u00e9z\u00e9shez n\u00e9lk\u00fcl\u00f6zhetetlen.<\/p>\n\n\n\n<p><strong>N\u00e9v<\/strong><\/p>\n\n\n\n<p><strong>Email c\u00edm<\/strong><\/p>\n\n\n\n<p><strong>Telefonsz\u00e1m<\/strong><\/p>\n\n\n\n<p><strong>Panasz<\/strong><\/p>\n\n\n\n<p><strong>Az adatkezel\u00e9s c\u00e9lja, a kezelt adatok tervezett felhaszn\u00e1l\u00e1sa:<\/strong>&nbsp;garanci\u00e1lis \u00fcgyint\u00e9z\u00e9s.<\/p>\n\n\n\n<p>Az adatkezel\u00e9s jogalapja \u00f6nk\u00e9ntes hozz\u00e1j\u00e1rul\u00e1s.<\/p>\n\n\n\n<p>Meg\u0151rz\u00e9si id\u0151:&nbsp;fogyaszt\u00f3v\u00e9delemr\u0151l sz\u00f3l\u00f3 t\u00f6rv\u00e9ny alapj\u00e1n&nbsp;t\u00e1rgy\u00e9v + 5 \u00e9v<\/p>\n\n\n\n<h2 class=\"wp-block-heading\">4.5 Fogyaszt\u00f3v\u00e9delmi panaszok kezel\u00e9se<\/h2>\n\n\n\n<p>Amennyiben fogyaszt\u00f3v\u00e9delmi panaszt ny\u00fajt be, az adatkezel\u00e9s \u00e9s az adatok megad\u00e1sa az \u00fcgyint\u00e9z\u00e9shez n\u00e9lk\u00fcl\u00f6zhetetlen.<\/p>\n\n\n\n<p><strong>N\u00e9v<\/strong><\/p>\n\n\n\n<p><strong>Email c\u00edm<\/strong><\/p>\n\n\n\n<p><strong>Telefonsz\u00e1m<\/strong><\/p>\n\n\n\n<p><strong>Panasz<\/strong><\/p>\n\n\n\n<p><strong>Az adatkezel\u00e9s c\u00e9lja, a kezelt adatok tervezett felhaszn\u00e1l\u00e1sa:<\/strong>&nbsp;fogyaszt\u00f3v\u00e9delmi panasz \u00fcgyint\u00e9z\u00e9s.<\/p>\n\n\n\n<p>Az adatkezel\u00e9s jogalapja \u00f6nk\u00e9ntes hozz\u00e1j\u00e1rul\u00e1s.<\/p>\n\n\n\n<p>Meg\u0151rz\u00e9si id\u0151:&nbsp;fogyaszt\u00f3v\u00e9delemr\u0151l sz\u00f3l\u00f3 t\u00f6rv\u00e9ny alapj\u00e1n&nbsp;t\u00e1rgy\u00e9v + 5 \u00e9v<\/p>\n\n\n\n<p><a href=\"https:\/\/www.facebook.com\/about\/privacyshield\">shield<\/a>) adatkezel\u0151k eset\u00e9ben is \u00e9rv\u00e9nyes.<\/p>\n\n\n\n<p><\/p>\n\n\n\n<h2 class=\"wp-block-heading\">5.1 T\u00e1j\u00e9koztat\u00e1shoz val\u00f3 jog<\/h2>\n\n\n\n<p>Adatkezel\u0151 megfelel\u0151 int\u00e9zked\u00e9seket hoz annak \u00e9rdek\u00e9ben, hogy az \u00e9rintettek r\u00e9sz\u00e9re a szem\u00e9lyes adatok kezel\u00e9s\u00e9re vonatkoz\u00f3, a GDPR 13. \u00e9s a 14. cikkben eml\u00edtett valamennyi inform\u00e1ci\u00f3t \u00e9s a 15\u201322. \u00e9s 34. cikk szerinti minden egyes t\u00e1j\u00e9koztat\u00e1st t\u00f6m\u00f6r, \u00e1tl\u00e1that\u00f3, \u00e9rthet\u0151 \u00e9s k\u00f6nnyen hozz\u00e1f\u00e9rhet\u0151 form\u00e1ban, vil\u00e1gosan \u00e9s k\u00f6z\u00e9rthet\u0151en megfogalmazva ny\u00fajtsa.<\/p>\n\n\n\n<h2 class=\"wp-block-heading\">5.2 Az \u00e9rintett hozz\u00e1f\u00e9r\u00e9shez val\u00f3 joga<\/h2>\n\n\n\n<p>Az \u00e9rintett jogosult arra, hogy az adatkezel\u0151t\u0151l visszajelz\u00e9st kapjon arra vonatkoz\u00f3an, hogy szem\u00e9lyes adatainak kezel\u00e9se folyamatban van-e, \u00e9s ha ilyen adatkezel\u00e9s folyamatban van, jogosult arra, hogy a szem\u00e9lyes adatokhoz \u00e9s a k\u00f6vetkez\u0151 inform\u00e1ci\u00f3khoz hozz\u00e1f\u00e9r\u00e9st kapjon:<\/p>\n\n\n\n<ul class=\"wp-block-list\">\n<li>az adatkezel\u00e9s c\u00e9ljai;<\/li>\n\n\n\n<li>az \u00e9rintett szem\u00e9lyes adatok kateg\u00f3ri\u00e1i;<\/li>\n\n\n\n<li>azon c\u00edmzettek vagy c\u00edmzettek kateg\u00f3ri\u00e1i, akikkel, illetve amelyekkel a szem\u00e9lyes adatokat k\u00f6z\u00f6lt\u00e9k vagy k\u00f6z\u00f6lni fogj\u00e1k, ide\u00e9rtve k\u00fcl\u00f6n\u00f6sen a harmadik orsz\u00e1gbeli c\u00edmzetteket, illetve a nemzetk\u00f6zi szervezeteket;<\/li>\n\n\n\n<li>a szem\u00e9lyes adatok t\u00e1rol\u00e1s\u00e1nak tervezett id\u0151tartama;<\/li>\n\n\n\n<li>a helyesb\u00edt\u00e9s, t\u00f6rl\u00e9s vagy adatkezel\u00e9s korl\u00e1toz\u00e1s\u00e1nak \u00e9s a tiltakoz\u00e1s joga;<\/li>\n\n\n\n<li>a fel\u00fcgyeleti hat\u00f3s\u00e1ghoz c\u00edmzett panasz beny\u00fajt\u00e1s\u00e1nak joga;<\/li>\n\n\n\n<li>az adatforr\u00e1sokra vonatkoz\u00f3 inform\u00e1ci\u00f3;<\/li>\n\n\n\n<li>az automatiz\u00e1lt d\u00f6nt\u00e9shozatal t\u00e9nye, ide\u00e9rtve a profilalkot\u00e1st is, valamint az alkalmazott logik\u00e1ra \u00e9s arra vonatkoz\u00f3 \u00e9rthet\u0151 inform\u00e1ci\u00f3k, hogy az ilyen adatkezel\u00e9s milyen jelent\u0151s\u00e9ggel b\u00edr, \u00e9s az \u00e9rintettre n\u00e9zve milyen v\u00e1rhat\u00f3 k\u00f6vetkezm\u00e9nyekkel j\u00e1r.<\/li>\n<\/ul>\n\n\n\n<p>Az adatkezel\u0151 a k\u00e9relem beny\u00fajt\u00e1s\u00e1t\u00f3l sz\u00e1m\u00edtott legfeljebb egy h\u00f3napon bel\u00fcl adja meg a t\u00e1j\u00e9koztat\u00e1st.<\/p>\n\n\n\n<p><\/p>\n\n\n\n<h2 class=\"wp-block-heading\">5.3. T\u00f6rl\u00e9shez val\u00f3 jog<\/h2>\n\n\n\n<p>Az \u00e9rintett az al\u00e1bbi indokok valamelyik\u00e9nek fenn\u00e1ll\u00e1sa eset\u00e9n jogosult arra, hogy k\u00e9r\u00e9s\u00e9re Adatkezel\u0151 indokolatlan k\u00e9sedelem n\u00e9lk\u00fcl t\u00f6r\u00f6lje a r\u00e1 vonatkoz\u00f3 szem\u00e9lyes adatokat: szem\u00e9lyes adatokra m\u00e1r nincs sz\u00fcks\u00e9g abb\u00f3l a c\u00e9lb\u00f3l, amelyb\u0151l azokat gy\u0171jt\u00f6tt\u00e9k vagy m\u00e1s m\u00f3don kezelt\u00e9k; az \u00e9rintett visszavonja az adatkezel\u00e9s alapj\u00e1t k\u00e9pez\u0151 hozz\u00e1j\u00e1rul\u00e1s\u00e1t, \u00e9s az adatkezel\u00e9snek nincs m\u00e1s jogalapja; az \u00e9rintett tiltakozik az adatkezel\u00e9s ellen, \u00e9s nincs els\u0151bbs\u00e9get \u00e9lvez\u0151 jogszer\u0171 ok az adatkezel\u00e9sre; a szem\u00e9lyes adatokat jogellenesen kezelt\u00e9k; a szem\u00e9lyes adatokat az adatkezel\u0151re alkalmazand\u00f3 uni\u00f3s vagy tag\u00e1llami jogban el\u0151\u00edrt jogi k\u00f6telezetts\u00e9g teljes\u00edt\u00e9s\u00e9hez t\u00f6r\u00f6lni kell; a szem\u00e9lyes adatok gy\u0171jt\u00e9s\u00e9re inform\u00e1ci\u00f3s t\u00e1rsadalommal \u00f6sszef\u00fcgg\u0151 szolg\u00e1ltat\u00e1sok k\u00edn\u00e1l\u00e1s\u00e1val kapcsolatosan ker\u00fclt sor.<\/p>\n\n\n\n<p>Az adatok t\u00f6rl\u00e9se nem kezdem\u00e9nyezhet\u0151, ha az adatkezel\u00e9s sz\u00fcks\u00e9ges: a v\u00e9lem\u00e9nynyilv\u00e1n\u00edt\u00e1s szabads\u00e1g\u00e1hoz \u00e9s a t\u00e1j\u00e9koz\u00f3d\u00e1shoz val\u00f3 jog gyakorl\u00e1sa c\u00e9lj\u00e1b\u00f3l; a szem\u00e9lyes adatok kezel\u00e9s\u00e9t el\u0151\u00edr\u00f3, az adatkezel\u0151re alkalmazand\u00f3 uni\u00f3s vagy tag\u00e1llami jog szerinti k\u00f6telezetts\u00e9g teljes\u00edt\u00e9se, illetve k\u00f6z\u00e9rdekb\u0151l vagy az adatkezel\u0151re ruh\u00e1zott k\u00f6zhatalmi jogos\u00edtv\u00e1ny gyakorl\u00e1sa keret\u00e9ben v\u00e9gzett feladat v\u00e9grehajt\u00e1sa c\u00e9lj\u00e1b\u00f3l; a n\u00e9peg\u00e9szs\u00e9g-\u00fcgy ter\u00fclet\u00e9t \u00e9rint\u0151, vagy archiv\u00e1l\u00e1si, tudom\u00e1nyos \u00e9s t\u00f6rt\u00e9nelmi kutat\u00e1si c\u00e9lb\u00f3l vagy statisztikai c\u00e9lb\u00f3l, k\u00f6z\u00e9rdek alapj\u00e1n; vagy jogi ig\u00e9nyek el\u0151terjeszt\u00e9s\u00e9hez, \u00e9rv\u00e9nyes\u00edt\u00e9s\u00e9hez, illetve v\u00e9delm\u00e9hez.<\/p>\n\n\n\n<h2 class=\"wp-block-heading\">5.4. Az adatkezel\u00e9s korl\u00e1toz\u00e1s\u00e1hoz val\u00f3 jog<\/h2>\n\n\n\n<p>Az \u00e9rintett k\u00e9r\u00e9s\u00e9re Adatkezel\u0151 korl\u00e1tozza az adatkezel\u00e9st, ha az al\u00e1bbi felt\u00e9telek valamelyike teljes\u00fcl: az \u00e9rintett vitatja a szem\u00e9lyes adatok pontoss\u00e1g\u00e1t, ez esetben a korl\u00e1toz\u00e1s arra az id\u0151tartamra vonatkozik, amely lehet\u0151v\u00e9 teszi, a szem\u00e9lyes adatok pontoss\u00e1g\u00e1nak ellen\u0151rz\u00e9s\u00e9t; az adatkezel\u00e9s jogellenes, \u00e9s az \u00e9rintett ellenzi az adatok t\u00f6rl\u00e9s\u00e9t, \u00e9s ehelyett k\u00e9ri azok felhaszn\u00e1l\u00e1s\u00e1nak korl\u00e1toz\u00e1s\u00e1t; az adatkezel\u0151nek m\u00e1r nincs sz\u00fcks\u00e9ge a szem\u00e9lyes adatokra adatkezel\u00e9s c\u00e9lj\u00e1b\u00f3l, de az \u00e9rintett ig\u00e9nyli azokat jogi ig\u00e9nyek el\u0151terjeszt\u00e9s\u00e9hez, \u00e9rv\u00e9nyes\u00edt\u00e9s\u00e9hez vagy v\u00e9delm\u00e9hez; vagy az \u00e9rintett tiltakozott az adatkezel\u00e9s ellen; ez esetben a korl\u00e1toz\u00e1s arra az id\u0151tartamra vonatkozik, am\u00edg meg\u00e1llap\u00edt\u00e1sra nem ker\u00fcl, hogy az adatkezel\u0151 jogos indokai els\u0151bbs\u00e9get \u00e9lveznek-e az \u00e9rintett jogos indokaival szemben.<\/p>\n\n\n\n<p>Ha az adatkezel\u00e9s korl\u00e1toz\u00e1s al\u00e1 esik, a szem\u00e9lyes adatokat a t\u00e1rol\u00e1s kiv\u00e9tel\u00e9vel csak az \u00e9rintett hozz\u00e1j\u00e1rul\u00e1s\u00e1val, vagy jogi ig\u00e9nyek el\u0151terjeszt\u00e9s\u00e9hez, \u00e9rv\u00e9nyes\u00edt\u00e9s\u00e9hez vagy v\u00e9delm\u00e9hez, vagy m\u00e1s term\u00e9szetes vagy jogi szem\u00e9ly jogainak v\u00e9delme \u00e9rdek\u00e9ben, vagy az Uni\u00f3, illetve valamely tag\u00e1llam fontos k\u00f6z\u00e9rdek\u00e9b\u0151l lehet kezelni.<\/p>\n\n\n\n<p><\/p>\n\n\n\n<h2 class=\"wp-block-heading\">5.5 Tiltakoz\u00e1s joga<\/h2>\n\n\n\n<p>Az \u00e9rintett jogosult arra, hogy a saj\u00e1t helyzet\u00e9vel kapcsolatos okokb\u00f3l b\u00e1rmikor tiltakozzon szem\u00e9lyes adatainak k\u00f6z\u00e9rdek\u0171 vagy az adatkezel\u0151re ruh\u00e1zott k\u00f6zhatalmi jogos\u00edtv\u00e1ny gyakorl\u00e1s\u00e1nak keret\u00e9ben v\u00e9gzett feladat v\u00e9grehajt\u00e1s\u00e1hoz sz\u00fcks\u00e9ges adatkezel\u00e9s, vagy az adatkezel\u0151 vagy egy harmadik f\u00e9l jogos \u00e9rdekeinek \u00e9rv\u00e9nyes\u00edt\u00e9s\u00e9hez sz\u00fcks\u00e9ges kezel\u00e9se ellen, ide\u00e9rtve az eml\u00edtett rendelkez\u00e9seken alapul\u00f3 profilalkot\u00e1st is. Tiltakoz\u00e1s eset\u00e9n az adatkezel\u0151 a szem\u00e9lyes adatokat nem kezelheti tov\u00e1bb, kiv\u00e9ve, ha azt olyan k\u00e9nyszer\u00edt\u0151 erej\u0171 jogos okok indokolj\u00e1k, amelyek els\u0151bbs\u00e9get \u00e9lveznek az \u00e9rintett \u00e9rdekeivel, jogaival \u00e9s szabads\u00e1gaival szemben, vagy amelyek jogi ig\u00e9nyek el\u0151terjeszt\u00e9s\u00e9hez, \u00e9rv\u00e9nyes\u00edt\u00e9s\u00e9hez vagy v\u00e9delm\u00e9hez kapcsol\u00f3dnak.<\/p>\n\n\n\n<p><\/p>\n\n\n\n<h2 class=\"wp-block-heading\">5.6 Visszavon\u00e1s joga<\/h2>\n\n\n\n<p>Az \u00e9rintett jogosult arra, hogy hozz\u00e1j\u00e1rul\u00e1s\u00e1t b\u00e1rmikor visszavonja.<\/p>\n\n\n\n<h2 class=\"wp-block-heading\">5.7 B\u00edr\u00f3s\u00e1ghoz fordul\u00e1s joga<\/h2>\n\n\n\n<p>Az \u00e9rintett a jogainak megs\u00e9rt\u00e9se eset\u00e9n az adatkezel\u0151 ellen b\u00edr\u00f3s\u00e1ghoz fordulhat. A b\u00edr\u00f3s\u00e1g az \u00fcgyben soron k\u00edv\u00fcl j\u00e1r el. 8.11 Adatv\u00e9delmi hat\u00f3s\u00e1gi elj\u00e1r\u00e1s Panasszal a Nemzeti Adatv\u00e9delmi \u00e9s Inform\u00e1ci\u00f3szabads\u00e1g Hat\u00f3s\u00e1gn\u00e1l lehet \u00e9lni:<br>N\u00e9v: Nemzeti Adatv\u00e9delmi \u00e9s Inform\u00e1ci\u00f3szabads\u00e1g Hat\u00f3s\u00e1g Sz\u00e9khely: 1125 Budapest, Szil\u00e1gyi Erzs\u00e9bet fasor 22\/C. Levelez\u00e9si c\u00edm: 1530 Budapest, Pf.: 5. Telefon: 0613911400 Fax: 0613911410<\/p>\n\n\n\n<p>E-mail: ugyfelszolgalat@naih.hu Honlap: http:\/\/www.naih.hu<\/p>\n\n\n\n<h1 class=\"wp-block-heading\">6. Egy\u00e9b rendelkez\u00e9sek<\/h1>\n\n\n\n<p>E t\u00e1j\u00e9koztat\u00f3ban fel nem sorolt adatkezel\u00e9sekr\u0151l az adat felv\u00e9telekor adunk t\u00e1j\u00e9koztat\u00e1st. T\u00e1j\u00e9koztatjuk \u00fcgyfeleinket, hogy a b\u00edr\u00f3s\u00e1g, az \u00fcgy\u00e9sz, a nyomoz\u00f3 hat\u00f3s\u00e1g, a szab\u00e1lys\u00e9rt\u00e9si hat\u00f3s\u00e1g, a k\u00f6zigazgat\u00e1si hat\u00f3s\u00e1g, a Nemzeti Adatv\u00e9delmi \u00e9s Inform\u00e1ci\u00f3szabads\u00e1g Hat\u00f3s\u00e1g, a Magyar Nemzeti Bank, illet\u0151leg jogszab\u00e1ly felhatalmaz\u00e1sa alapj\u00e1n m\u00e1s szervek t\u00e1j\u00e9koztat\u00e1s ad\u00e1sa, adatok k\u00f6zl\u00e9se, \u00e1tad\u00e1sa, illet\u0151leg iratok rendelkez\u00e9sre bocs\u00e1t\u00e1sa v\u00e9gett megkereshetik az adatkezel\u0151t. Adatkezel\u0151 a hat\u00f3s\u00e1gok r\u00e9sz\u00e9re \u2013 amennyiben a hat\u00f3s\u00e1g a pontos c\u00e9lt \u00e9s az adatok k\u00f6r\u00e9t megjel\u00f6lte \u2013 szem\u00e9lyes adatot csak annyit \u00e9s olyan m\u00e9rt\u00e9kben ad ki, amely a megkeres\u00e9s c\u00e9lj\u00e1nak megval\u00f3s\u00edt\u00e1s\u00e1hoz elengedhetetlen\u00fcl sz\u00fcks\u00e9ges.<\/p>\n\n\n\n<p><em>(Jelen adatkezel\u00e9si t\u00e1j\u00e9koztat\u00f3 a Budapesti Kereskedelmi \u00e9s Iparkamara aj\u00e1nl\u00e1sa alapj\u00e1n k\u00e9sz\u00fclt.)<\/em> <\/p>\n\n\n\n<p><\/p>\n","protected":false},"excerpt":{"rendered":"<p>Tartalomjegyz\u00e9k 1. Az adatkezel\u00e9si t\u00e1j\u00e9koztat\u00f3 c\u00e9lja2. Az adatkezel\u0151 adatai2.1 Adatv\u00e9delmi tisztvisel\u01513. A kezelt szem\u00e9lyes adatok k\u00f6re3.1. Technikai adatok4 \u00c1ltal\u00e1nos adatkezel\u00e9si ir\u00e1nyelvek, adatkezel\u00e9s neve, felhaszn\u00e1l\u00e1sa, jogalap \u00e9s meg\u0151rz\u00e9si id\u01514.1. Online \u00fcgyint\u00e9z\u00e9shez kapcsol\u00f3d\u00f3 adatok4.2. Telefonos \u00fcgyint\u00e9z\u00e9shez kapcsol\u00f3d\u00f3 adatok4.3. Sz\u00e1ml\u00e1z\u00e1shoz kapcsol\u00f3d\u00f3 adatok4.4. Garanci\u00e1lis \u00fcgyint\u00e9z\u00e9s4.5. Fogyaszt\u00f3v\u00e9delmi panaszok kezel\u00e9se5 Adattov\u00e1bb\u00edt\u00e1s, adatfeldogoz\u00e1s, az adatokat megismer\u0151k k\u00f6re5.1 T\u00e1j\u00e9koztat\u00e1shoz val\u00f3 jog5.2 Az \u00e9rintett [&hellip;]<\/p>\n","protected":false},"author":1,"featured_media":0,"parent":0,"menu_order":0,"comment_status":"closed","ping_status":"open","template":"","meta":{"footnotes":""},"class_list":["post-3","page","type-page","status-publish","hentry"],"_links":{"self":[{"href":"https:\/\/alapbeton.hu\/index.php?rest_route=\/wp\/v2\/pages\/3","targetHints":{"allow":["GET"]}}],"collection":[{"href":"https:\/\/alapbeton.hu\/index.php?rest_route=\/wp\/v2\/pages"}],"about":[{"href":"https:\/\/alapbeton.hu\/index.php?rest_route=\/wp\/v2\/types\/page"}],"author":[{"embeddable":true,"href":"https:\/\/alapbeton.hu\/index.php?rest_route=\/wp\/v2\/users\/1"}],"replies":[{"embeddable":true,"href":"https:\/\/alapbeton.hu\/index.php?rest_route=%2Fwp%2Fv2%2Fcomments&post=3"}],"version-history":[{"count":2,"href":"https:\/\/alapbeton.hu\/index.php?rest_route=\/wp\/v2\/pages\/3\/revisions"}],"predecessor-version":[{"id":112,"href":"https:\/\/alapbeton.hu\/index.php?rest_route=\/wp\/v2\/pages\/3\/revisions\/112"}],"wp:attachment":[{"href":"https:\/\/alapbeton.hu\/index.php?rest_route=%2Fwp%2Fv2%2Fmedia&parent=3"}],"curies":[{"name":"wp","href":"https:\/\/api.w.org\/{rel}","templated":true}]}}